{"id":1125,"date":"2020-03-11T11:13:35","date_gmt":"2020-03-11T10:13:35","guid":{"rendered":"https:\/\/www.mapedit.de\/protezione-dei-dati\/"},"modified":"2020-05-20T17:29:19","modified_gmt":"2020-05-20T15:29:19","slug":"protezione-dei-dati","status":"publish","type":"page","link":"https:\/\/www.mapedit.de\/it\/protezione-dei-dati\/","title":{"rendered":"Protezione dei dati"},"content":{"rendered":"\t\t<div data-elementor-type=\"wp-page\" data-elementor-id=\"1125\" class=\"elementor elementor-1125 elementor-117\" data-elementor-post-type=\"page\">\n\t\t\t\t\t\t<section class=\"elementor-section elementor-top-section elementor-element elementor-element-692f661 elementor-section-boxed elementor-section-height-default elementor-section-height-default\" data-id=\"692f661\" data-element_type=\"section\" data-e-type=\"section\">\n\t\t\t\t\t\t<div class=\"elementor-container elementor-column-gap-default\">\n\t\t\t\t\t<div class=\"elementor-column elementor-col-100 elementor-top-column elementor-element elementor-element-fe89ecb\" data-id=\"fe89ecb\" data-element_type=\"column\" data-e-type=\"column\">\n\t\t\t<div class=\"elementor-widget-wrap elementor-element-populated\">\n\t\t\t\t\t\t<div class=\"elementor-element elementor-element-d0b19e8 elementor-widget elementor-widget-text-editor\" data-id=\"d0b19e8\" data-element_type=\"widget\" data-e-type=\"widget\" data-widget_type=\"text-editor.default\">\n\t\t\t\t<div class=\"elementor-widget-container\">\n\t\t\t\t\t\t\t\t\t<h1>Informativa sulla privacy<\/h1>\n<h2>1. la protezione dei dati in sintesi<\/h2>\n<h3>Indicazioni generali<\/h3>\n<p>Le seguenti indicazioni forniscono una semplice panoramica di ci\u00f2 che accade ai vostri dati personali quando visitate questo sito web. I dati personali sono tutti dati con i quali \u00e8 possibile identificarvi personalmente. Per informazioni dettagliate sul tema della protezione dei dati, si prega di fare riferimento alla nostra dichiarazione sulla protezione dei dati elencata sotto questo testo.<\/p>\n<h3>Raccolta dati su questo sito web<\/h3>\n<p><strong>Chi \u00e8 responsabile della raccolta dei dati su questo sito web?<\/strong><\/p>\n<p>Il trattamento dei dati su questo sito web \u00e8 effettuato dal gestore del sito. I loro dati di contatto si trovano nell&#8217;impronta di questo sito web.<\/p>\n<p><strong>Come raccogliamo i vostri dati?<\/strong><\/p>\n<p>Da un lato, i vostri dati vengono raccolti quando ce li fornite. Questo pu\u00f2 essere z.B, si tratta di dati inseriti in un modulo di contatto.<\/p>\n<p>Altri dati vengono raccolti automaticamente dai nostri sistemi informatici quando si visita il sito web. Si tratta principalmente di dati tecnici (ad es. Browser Internet, Sistema operativo o ora di accesso alla pagina). Questi dati vengono raccolti automaticamente non appena si entra in questo sito web.<\/p>\n<p><strong>A cosa servono i vostri dati?<\/strong><\/p>\n<p>Una parte dei dati viene raccolta per garantire che il sito web sia fornito senza errori. Altri dati possono essere utilizzati per analizzare il comportamento dell&#8217;utente.<\/p>\n<p><strong>Quali diritti avete sui vostri dati?<\/strong><\/p>\n<p>Avete il diritto di ricevere gratuitamente informazioni sull&#8217;origine, il destinatario e lo scopo dei vostri dati personali memorizzati in qualsiasi momento. Avete anche il diritto di richiedere la correzione o la cancellazione di questi dati. Potete contattarci in qualsiasi momento all&#8217;indirizzo indicato per questa e altre domande sul tema della protezione dei dati. Inoltre, avete il diritto di ricorrere all&#8217;autorit\u00e0 di vigilanza competente.<\/p>\n<p>Avete inoltre il diritto, in determinate circostanze, di richiedere che il trattamento dei vostri dati personali sia limitato. Per i dettagli, si prega di fare riferimento all&#8217;informativa sulla privacy alla voce &#8220;Diritto di limitare il trattamento&#8221;.<\/p>\n<h2>2. indicazioni generali e informazioni obbligatorie<\/h2>\n<h3>Protezione dei dati<\/h3>\n<p>I gestori di queste pagine prendono molto sul serio la protezione dei vostri dati personali. Trattiamo i vostri dati personali in modo confidenziale e in conformit\u00e0 alle disposizioni di legge sulla protezione dei dati e alla presente dichiarazione sulla protezione dei dati.<\/p>\n<p>Quando si utilizza questo sito web, vengono raccolti vari dati personali. I dati personali sono dati con i quali si pu\u00f2 essere personalmente identificati. Questa politica sulla privacy spiega quali dati raccogliamo e per cosa li utilizziamo. Spiega anche come si fa e a quale scopo.<\/p>\n<p>Vorremmo sottolineare che la trasmissione di dati su Internet (ad es. quando si comunica via e-mail) pu\u00f2 presentare lacune nella sicurezza. Una protezione completa dei dati contro l&#8217;accesso da parte di terzi non \u00e8 possibile.<\/p>\n<h3>Indicazione sulla persona responsabile<\/h3>\n<p>Il responsabile del trattamento dei dati su questo sito web \u00e8<\/p>\n<p>MuM Infrastruttura GmbH<br \/>Christophstra\u00dfe 7<br \/>70178 Stuttgart<\/p>\n<p>Telefono: +49(0)711-933483-0<br \/>E-Mail: info@mum.de<\/p>\n<p>L&#8217;organismo responsabile \u00e8 la persona fisica o giuridica che, da sola o insieme ad altri, decide in merito agli scopi e ai mezzi di trattamento dei dati personali (ad esempio nomi, indirizzi e-mail o simili).<\/p>\n<h3>Responsabile della protezione dei dati personali richiesto dalla legge<\/h3>\n<p>Abbiamo nominato un responsabile della protezione dei dati per la nostra azienda.<\/p>\n<p>Holzhofer Consulting GmbH<br \/>Martin Holzhofer<br \/>Lochhamer Str. 31<br \/>82152 M\u00fcnchen \u2013 Planegg<\/p>\n<p>Telefono: +49 (0) 89 \u2013 12 501 56 \u2013 02<br \/>E-Mail: kontakt@holzhofer-consultazioni.de<\/p>\n<h3>Richiamo del consenso al trattamento dei dati<\/h3>\n<p>Molte operazioni di trattamento dei dati sono possibili solo con il vostro esplicito consenso. \u00c8 possibile revocare un consenso precedentemente dato in qualsiasi momento. Alla fine \u00e8 sufficiente una comunicazione informale via e-mail. La legittimit\u00e0 del trattamento dei dati effettuato fino al momento della revoca rimane inalterata.<\/p>\n<h3>Diritto di opposizione alla raccolta di dati in casi particolari e alla pubblicit\u00e0 diretta (art. 21 LPD)<\/h3>\n<p>SE IL TRATTAMENTO DEI DATI \u00c8 EFFETTUATO A NORMA DI LEGGE. 6 ABS. 1 LIT. E O F DSGVO, AVETE IL DIRITTO DI OPPORVI IN QUALSIASI MOMENTO AL TRATTAMENTO DEI VOSTRI DATI PERSONALI PER MOTIVI DERIVANTI DALLA VOSTRA SPECIFICA SITUAZIONE, INCLUSA LA DEFINIZIONE DI PROFILI SULLA BASE DI QUESTE DISPOSIZIONI. LE RISPETTIVE BASI GIURIDICHE SU CUI SI BASA L&#8217;ELABORAZIONE SI TROVANO NELLA PRESENTE DICHIARAZIONE SULLA PROTEZIONE DEI DATI. IN CASO DI VOSTRA OBIEZIONE, NON TRATTEREMO PI\u00d9 I VOSTRI DATI PERSONALI INTERESSATI, A MENO CHE NON RIUSCIAMO A DIMOSTRARE CHE ESISTONO MOTIVI CONVINCENTI PER UN TRATTAMENTO DEGNO DI ESSERE PROTETTO E CHE SUPERA I VOSTRI INTERESSI, DIRITTI E LIBERT\u00c0 O SE IL TRATTAMENTO SERVE A FAR VALERE, ESERCITARE O DIFENDERE DIRITTI LEGALI (OBIEZIONE AI SENSI DELL&#8217;ART. 21 CPV. 1 DSGVO).<\/p>\n<p>SE I VOSTRI DATI PERSONALI CHE VI RIGUARDANO SONO ELABORATI A SCOPO DI MARKETING DIRETTO, AVETE IL DIRITTO DI OPPORVI IN QUALSIASI MOMENTO ALL&#8217;ELABORAZIONE DI DATI PERSONALI CHE VI RIGUARDANO A SCOPO DI COMMERCIALIZZAZIONE, INCLUSO IL PROFILO, NELLA MISURA IN CUI ESSI SIANO COLLEGATI A QUESTO TIPO DI COMMERCIALIZZAZIONE. IN CASO DI OPPOSIZIONE, I VOSTRI DATI PERSONALI NON SARANNO PI\u00d9 UTILIZZATI A FINI DI PUBBLICIT\u00c0 DIRETTA (OPPOSIZIONE AI SENSI DELL&#8217;ARTICOLO 21 COMMA 2 DSGVO).<\/p>\n<h3>Diritto di ricorso all&#8217;autorit\u00e0 di vigilanza competente<\/h3>\n<p>In caso di violazioni del DSGVO, gli interessati hanno il diritto di ricorrere ad un&#8217;autorit\u00e0 di controllo, in particolare nello Stato membro della loro residenza abituale, del luogo di lavoro o del luogo in cui la presunta violazione \u00e8 stata commessa. Il diritto di ricorso non pregiudica altri rimedi amministrativi o giudiziari.<\/p>\n<h3>Diritto alla portabilit\u00e0 dei dati<\/h3>\n<p>Avete il diritto di farvi consegnare i dati da noi elaborati automaticamente sulla base del vostro consenso o in esecuzione di un contratto, in un formato comune e leggibile. Se richiedete la trasmissione diretta dei dati ad un&#8217;altra persona responsabile, ci\u00f2 avverr\u00e0 solo nella misura in cui ci\u00f2 sia tecnicamente possibile.<\/p>\n<h3>SSL- bzw. TLS-Verschl\u00fcsselung<\/h3>\n<p>Questo sito utilizza la crittografia SSL o TLS per motivi di sicurezza e per proteggere la trasmissione di contenuti riservati, come gli ordini o le richieste che ci inviate in qualit\u00e0 di operatore del sito. \u00c8 possibile riconoscere una connessione criptata dal fatto che la riga dell&#8217;indirizzo del browser cambia da &#8220;http:\/\/&#8221; a &#8220;https:\/\/&#8221; e dal simbolo del blocco nella riga del browser.<\/p>\n<p>Se la crittografia SSL o TLS \u00e8 attivata, i dati che ci trasmettete non possono essere letti da terzi.<\/p>\n<h3>Informazioni, cancellazione e correzione<\/h3>\n<p>Nell&#8217;ambito delle disposizioni di legge in vigore, avete il diritto di ottenere in qualsiasi momento informazioni gratuite sui vostri dati personali memorizzati, sulla loro origine, e sui destinatari e sullo scopo dell&#8217;elaborazione dei dati e, se del caso, il diritto di correggere o cancellare tali dati. A questo scopo, cos\u00ec come per ulteriori domande sul tema dei dati personali, potete contattarci in qualsiasi momento all&#8217;indirizzo indicato.<\/p>\n<h3>Diritto di limitare l&#8217;elaborazione<\/h3>\n<p>Avete il diritto di richiedere la limitazione del trattamento dei vostri dati personali. Potete contattarci in qualsiasi momento all&#8217;indirizzo indicato . Il diritto di limitare l&#8217;elaborazione esiste nei seguenti casi:<\/p>\n<ul>\n<li>Se l&#8217;utente contesta la correttezza dei suoi dati personali memorizzati presso di noi, di solito abbiamo bisogno di tempo per verificarla. Per tutta la durata della verifica, avete il diritto di richiedere la limitazione del trattamento dei vostri dati personali.<\/li>\n<li>Se il trattamento dei vostri dati personali \u00e8 stato\/\u00e8 illegale, potete richiedere la limitazione del trattamento dei dati invece della loro cancellazione.<\/li>\n<li>Se non abbiamo pi\u00f9 bisogno dei vostri dati personali, ma voi ne avete bisogno per esercitare, difendere o far valere le vostre pretese legali, avete il diritto di chiedere di limitare il trattamento dei vostri dati personali invece di cancellarli.<\/li>\n<li>In caso di opposizione ai sensi dell&#8217;art. 21 cpv. 1 DSGVO, occorre trovare un equilibrio tra i vostri interessi e i nostri. Finch\u00e9 non \u00e8 ancora chiaro quali siano gli interessi prevalenti, avete il diritto di chiedere che il trattamento dei vostri dati personali sia limitato.<\/li>\n<\/ul>\n<p>Se avete limitato il trattamento dei vostri dati personali, questi dati &#8211; a parte la loro memorizzazione &#8211; possono essere trattati solo con il vostro consenso o allo scopo di far valere, esercitare o difendere diritti legali o di tutelare i diritti di un&#8217;altra persona fisica o giuridica o per motivi di interesse pubblico rilevante dell&#8217;Unione Europea o di uno Stato membro.<\/p>\n<h3>Contestazione delle e-mail pubblicitarie<\/h3>\n<p>L&#8217;utilizzo dei dati di contatto pubblicati nell&#8217;ambito dell&#8217;obbligo di stampa per la trasmissione di materiale pubblicitario e informativo non specificatamente richiesto \u00e8 in contraddizione con la presente. I gestori delle pagine si riservano il diritto di intraprendere azioni legali in caso di invio non richiesto di informazioni pubblicitarie, ad esempio tramite e-mail di spam.<\/p>\n<h2>3. raccolta di dati su questo sito web<\/h2>\n<h3>Gestione dei file del server<\/h3>\n<p>Il provider delle pagine raccoglie e memorizza automaticamente le informazioni nei cosiddetti file di log del server, che il vostro browser ci trasmette automaticamente. Questi sono:<\/p>\n<ul>\n<li>Tipo di browser e versione del browser<\/li>\n<li>Sistema operativo utilizzato<\/li>\n<li>Referrer URL<\/li>\n<li>Nome utente del computer di accesso<\/li>\n<li>Tempo di richiesta del server<\/li>\n<li>IP-Indirizzo<\/li>\n<\/ul>\n<p>Questi dati non vengono uniti ad altre origini dati.<\/p>\n<p>La raccolta di questi dati si basa sull&#8217;articolo 6, paragrafo 6. 1 lit. f DSGVO. Il gestore del sito web ha un interesse legittimo nella presentazione e nell&#8217;ottimizzazione tecnica del suo sito web senza errori &#8211; a questo scopo i file di log del server devono essere registrati.<\/p>\n<h3>Modulo di contatto<\/h3>\n<p>Se ci inviate le vostre richieste tramite il modulo di contatto, i vostri dati del modulo di richiesta, compresi i dati di contatto da voi forniti, saranno da noi memorizzati per l&#8217;elaborazione della richiesta e in caso di domande successive. Non trasmetteremo questi dati senza il vostro consenso.<\/p>\n<p>Il trattamento di questi dati \u00e8 effettuato in base all&#8217;articolo 6, paragrafo 6. 1 lit. b DSGVO, se la vostra richiesta \u00e8 legata alla realizzazione di un contratto o \u00e8 necessaria per l&#8217;attuazione di misure precontrattuali. In tutti gli altri casi, il trattamento si basa sul nostro legittimo interesse all&#8217;effettivo trattamento delle richieste a noi rivolte (art. 6 cpv. 1 lett. f DSGVO) o sul vostro consenso (art. 6 cpv. 1 lett. a DSGVO), a condizione che tale consenso sia stato richiesto.<\/p>\n<p>I dati che inserisci nel modulo di contatto rimarranno con noi fino a quando non richiederai la cancellazione, la revoca del consenso all&#8217;archiviazione o lo scopo della memorizzazione dei dati non sar\u00e0 pi\u00f9 applicabile (ad es. dopo che la richiesta \u00e8 stata elaborata). Le disposizioni di legge obbligatorie &#8211; in particolare i periodi di conservazione &#8211; rimangono invariate.<\/p>\n<h3>Richiesta per e-mail, telefono o fax<\/h3>\n<p>Se ci contattate per e-mail, telefono o fax, la vostra richiesta, compresi tutti i dati personali (nome, richiesta), sar\u00e0 memorizzata ed elaborata da noi per l&#8217;elaborazione della vostra richiesta. Non trasmetteremo questi dati senza il vostro consenso.<\/p>\n<p>Il trattamento di questi dati \u00e8 effettuato in base all&#8217;articolo 6, paragrafo 6. 1 lit. b DSGVO, se la vostra richiesta \u00e8 legata alla realizzazione di un contratto o \u00e8 necessaria per l&#8217;attuazione di misure precontrattuali. In tutti gli altri casi, il trattamento si basa sul vostro consenso (art. 6 cpv. 1 lett. a DSGVO) e\/o sui nostri legittimi interessi (art. 6 cpv. 1 lett. f DSGVO), in quanto abbiamo un legittimo interesse all&#8217;effettivo trattamento delle richieste a noi rivolte.<\/p>\n<p>I dati che ci invii tramite le richieste di contatto rimarranno con noi fino a quando non richiederai la cancellazione, la revoca del consenso all&#8217;archiviazione o lo scopo della memorizzazione dei dati non sar\u00e0 pi\u00f9 applicabile (ad es. dopo che la richiesta \u00e8 stata elaborata). Le disposizioni di legge obbligatorie &#8211; in particolare i periodi di conservazione previsti dalla legge &#8211; rimangono invariate.<\/p>\n<h3>Elaborazione dei dati (dati del cliente e dati contrattuali)<\/h3>\n<p>Raccogliamo, elaboriamo e utilizziamo i dati personali solo nella misura in cui sono necessari per l&#8217;instaurazione, il contenuto o la modifica del rapporto giuridico (dati di inventario). Ci\u00f2 avviene sulla base dell&#8217;articolo 6, paragrafo 6 1 lit. b DSGVO, che consente il trattamento dei dati per l&#8217;adempimento di un contratto o di misure precontrattuali. Raccogliamo, elaboriamo e utilizziamo i dati personali relativi all&#8217;utilizzo di questo sito web (dati di utilizzo) solo nella misura necessaria a consentire o a far pagare all&#8217;utente l&#8217;utilizzo del servizio.<\/p>\n<p>I dati del cliente raccolti saranno cancellati dopo il completamento dell&#8217;ordine o la conclusione del rapporto commerciale. I periodi di conservazione legale rimangono invariati.<\/p>\n<h2>4. Plugins eTools<\/h2>\n<h3>Google Web Caratteri<\/h3>\n<p>Questa pagina utilizza i cosiddetti web fonts, forniti da Google, per la visualizzazione uniforme dei font. I font di Google sono installati localmente. La connessione ai server di Google non avviene.<\/p>\n<h3>Google Maps<\/h3>\n<p>Questo sito utilizza il servizio di mappe Google Maps tramite una API. Il fornitore \u00e8 Google Ireland Limited (&#8220;Google&#8221;), Gordon House, Barrow Street, Dublino 4, Irlanda.<\/p>\n<p>Per utilizzare le funzioni di Google Maps \u00e8 necessario memorizzare il proprio indirizzo IP. Di solito queste informazioni vengono trasmesse a un server di Google negli USA e l\u00ec memorizzate. Il fornitore di questo sito non ha alcuna influenza su questa trasmissione di dati.<\/p>\n<p>L&#8217;utilizzo di Google Maps \u00e8 nell&#8217;interesse di una presentazione interessante delle nostre offerte online e della facile individuazione dei luoghi da noi indicati sul sito. Ci\u00f2 costituisce un interesse legittimo ai sensi dell&#8217;articolo 6, paragrafo 6. 1 lit. f DSGVO dar.<\/p>\n<p>Ulteriori informazioni sulla gestione dei dati degli utenti sono disponibili nella dichiarazione sulla protezione dei dati di Google:<a href=\"https:\/\/policies.google.com\/privacy?hl=de\" target=\"_blank\" rel=\"noopener noreferrer\">ttps:\/\/policies.google.com\/privacy?hl=de<\/a>.12 501 56 \u2013 02<\/p>\n\t\t\t\t\t\t\t\t<\/div>\n\t\t\t\t<\/div>\n\t\t\t\t\t<\/div>\n\t\t<\/div>\n\t\t\t\t\t<\/div>\n\t\t<\/section>\n\t\t\t\t<\/div>\n\t\t","protected":false},"excerpt":{"rendered":"<p>Informativa sulla privacy 1. la protezione dei dati in sintesi Indicazioni generali Le seguenti indicazioni forniscono una semplice panoramica di ci\u00f2 che accade ai vostri dati personali quando visitate questo sito web. I dati personali sono tutti dati con i quali \u00e8 possibile identificarvi personalmente. Per informazioni dettagliate sul tema della protezione dei dati, si [&hellip;]<\/p>\n","protected":false},"author":8,"featured_media":0,"parent":0,"menu_order":0,"comment_status":"closed","ping_status":"closed","template":"elementor_header_footer","meta":{"_acf_changed":false,"footnotes":""},"class_list":["post-1125","page","type-page","status-publish","hentry"],"acf":[],"yoast_head":"<!-- This site is optimized with the Yoast SEO plugin v27.3 - https:\/\/yoast.com\/product\/yoast-seo-wordpress\/ -->\n<title>Protezione dei dati - MuM MapEdit<\/title>\n<meta name=\"robots\" content=\"index, follow, max-snippet:-1, max-image-preview:large, max-video-preview:-1\" \/>\n<link rel=\"canonical\" href=\"https:\/\/www.mapedit.de\/it\/protezione-dei-dati\/\" \/>\n<meta property=\"og:locale\" content=\"it_IT\" \/>\n<meta property=\"og:type\" content=\"article\" \/>\n<meta property=\"og:title\" content=\"Protezione dei dati - MuM MapEdit\" \/>\n<meta property=\"og:description\" content=\"Informativa sulla privacy 1. la protezione dei dati in sintesi Indicazioni generali Le seguenti indicazioni forniscono una semplice panoramica di ci\u00f2 che accade ai vostri dati personali quando visitate questo sito web. I dati personali sono tutti dati con i quali \u00e8 possibile identificarvi personalmente. Per informazioni dettagliate sul tema della protezione dei dati, si [&hellip;]\" \/>\n<meta property=\"og:url\" content=\"https:\/\/www.mapedit.de\/it\/protezione-dei-dati\/\" \/>\n<meta property=\"og:site_name\" content=\"MuM MapEdit\" \/>\n<meta property=\"article:modified_time\" content=\"2020-05-20T15:29:19+00:00\" \/>\n<meta name=\"twitter:card\" content=\"summary_large_image\" \/>\n<meta name=\"twitter:label1\" content=\"Tempo di lettura stimato\" \/>\n\t<meta name=\"twitter:data1\" content=\"11 minuti\" \/>\n<script type=\"application\/ld+json\" class=\"yoast-schema-graph\">{\"@context\":\"https:\\\/\\\/schema.org\",\"@graph\":[{\"@type\":\"WebPage\",\"@id\":\"https:\\\/\\\/www.mapedit.de\\\/it\\\/protezione-dei-dati\\\/\",\"url\":\"https:\\\/\\\/www.mapedit.de\\\/it\\\/protezione-dei-dati\\\/\",\"name\":\"Protezione dei dati - MuM MapEdit\",\"isPartOf\":{\"@id\":\"https:\\\/\\\/www.mapedit.de\\\/it\\\/#website\"},\"datePublished\":\"2020-03-11T10:13:35+00:00\",\"dateModified\":\"2020-05-20T15:29:19+00:00\",\"breadcrumb\":{\"@id\":\"https:\\\/\\\/www.mapedit.de\\\/it\\\/protezione-dei-dati\\\/#breadcrumb\"},\"inLanguage\":\"it-IT\",\"potentialAction\":[{\"@type\":\"ReadAction\",\"target\":[\"https:\\\/\\\/www.mapedit.de\\\/it\\\/protezione-dei-dati\\\/\"]}]},{\"@type\":\"BreadcrumbList\",\"@id\":\"https:\\\/\\\/www.mapedit.de\\\/it\\\/protezione-dei-dati\\\/#breadcrumb\",\"itemListElement\":[{\"@type\":\"ListItem\",\"position\":1,\"name\":\"Startseite\",\"item\":\"https:\\\/\\\/www.mapedit.de\\\/it\\\/home\\\/\"},{\"@type\":\"ListItem\",\"position\":2,\"name\":\"Protezione dei dati\"}]},{\"@type\":\"WebSite\",\"@id\":\"https:\\\/\\\/www.mapedit.de\\\/it\\\/#website\",\"url\":\"https:\\\/\\\/www.mapedit.de\\\/it\\\/\",\"name\":\"MuM MapEdit\",\"description\":\"Sachdaten ganz einfach \u00fcbers Web editieren\",\"publisher\":{\"@id\":\"https:\\\/\\\/www.mapedit.de\\\/it\\\/#organization\"},\"potentialAction\":[{\"@type\":\"SearchAction\",\"target\":{\"@type\":\"EntryPoint\",\"urlTemplate\":\"https:\\\/\\\/www.mapedit.de\\\/it\\\/?s={search_term_string}\"},\"query-input\":{\"@type\":\"PropertyValueSpecification\",\"valueRequired\":true,\"valueName\":\"search_term_string\"}}],\"inLanguage\":\"it-IT\"},{\"@type\":\"Organization\",\"@id\":\"https:\\\/\\\/www.mapedit.de\\\/it\\\/#organization\",\"name\":\"MuM MapEdit\",\"url\":\"https:\\\/\\\/www.mapedit.de\\\/it\\\/\",\"logo\":{\"@type\":\"ImageObject\",\"inLanguage\":\"it-IT\",\"@id\":\"https:\\\/\\\/www.mapedit.de\\\/it\\\/#\\\/schema\\\/logo\\\/image\\\/\",\"url\":\"https:\\\/\\\/www.mapedit.de\\\/wp-content\\\/uploads\\\/2019\\\/12\\\/cropped-map-edit-200px.png\",\"contentUrl\":\"https:\\\/\\\/www.mapedit.de\\\/wp-content\\\/uploads\\\/2019\\\/12\\\/cropped-map-edit-200px.png\",\"width\":833,\"height\":185,\"caption\":\"MuM MapEdit\"},\"image\":{\"@id\":\"https:\\\/\\\/www.mapedit.de\\\/it\\\/#\\\/schema\\\/logo\\\/image\\\/\"}}]}<\/script>\n<!-- \/ Yoast SEO plugin. -->","yoast_head_json":{"title":"Protezione dei dati - MuM MapEdit","robots":{"index":"index","follow":"follow","max-snippet":"max-snippet:-1","max-image-preview":"max-image-preview:large","max-video-preview":"max-video-preview:-1"},"canonical":"https:\/\/www.mapedit.de\/it\/protezione-dei-dati\/","og_locale":"it_IT","og_type":"article","og_title":"Protezione dei dati - MuM MapEdit","og_description":"Informativa sulla privacy 1. la protezione dei dati in sintesi Indicazioni generali Le seguenti indicazioni forniscono una semplice panoramica di ci\u00f2 che accade ai vostri dati personali quando visitate questo sito web. I dati personali sono tutti dati con i quali \u00e8 possibile identificarvi personalmente. Per informazioni dettagliate sul tema della protezione dei dati, si [&hellip;]","og_url":"https:\/\/www.mapedit.de\/it\/protezione-dei-dati\/","og_site_name":"MuM MapEdit","article_modified_time":"2020-05-20T15:29:19+00:00","twitter_card":"summary_large_image","twitter_misc":{"Tempo di lettura stimato":"11 minuti"},"schema":{"@context":"https:\/\/schema.org","@graph":[{"@type":"WebPage","@id":"https:\/\/www.mapedit.de\/it\/protezione-dei-dati\/","url":"https:\/\/www.mapedit.de\/it\/protezione-dei-dati\/","name":"Protezione dei dati - MuM MapEdit","isPartOf":{"@id":"https:\/\/www.mapedit.de\/it\/#website"},"datePublished":"2020-03-11T10:13:35+00:00","dateModified":"2020-05-20T15:29:19+00:00","breadcrumb":{"@id":"https:\/\/www.mapedit.de\/it\/protezione-dei-dati\/#breadcrumb"},"inLanguage":"it-IT","potentialAction":[{"@type":"ReadAction","target":["https:\/\/www.mapedit.de\/it\/protezione-dei-dati\/"]}]},{"@type":"BreadcrumbList","@id":"https:\/\/www.mapedit.de\/it\/protezione-dei-dati\/#breadcrumb","itemListElement":[{"@type":"ListItem","position":1,"name":"Startseite","item":"https:\/\/www.mapedit.de\/it\/home\/"},{"@type":"ListItem","position":2,"name":"Protezione dei dati"}]},{"@type":"WebSite","@id":"https:\/\/www.mapedit.de\/it\/#website","url":"https:\/\/www.mapedit.de\/it\/","name":"MuM MapEdit","description":"Sachdaten ganz einfach \u00fcbers Web editieren","publisher":{"@id":"https:\/\/www.mapedit.de\/it\/#organization"},"potentialAction":[{"@type":"SearchAction","target":{"@type":"EntryPoint","urlTemplate":"https:\/\/www.mapedit.de\/it\/?s={search_term_string}"},"query-input":{"@type":"PropertyValueSpecification","valueRequired":true,"valueName":"search_term_string"}}],"inLanguage":"it-IT"},{"@type":"Organization","@id":"https:\/\/www.mapedit.de\/it\/#organization","name":"MuM MapEdit","url":"https:\/\/www.mapedit.de\/it\/","logo":{"@type":"ImageObject","inLanguage":"it-IT","@id":"https:\/\/www.mapedit.de\/it\/#\/schema\/logo\/image\/","url":"https:\/\/www.mapedit.de\/wp-content\/uploads\/2019\/12\/cropped-map-edit-200px.png","contentUrl":"https:\/\/www.mapedit.de\/wp-content\/uploads\/2019\/12\/cropped-map-edit-200px.png","width":833,"height":185,"caption":"MuM MapEdit"},"image":{"@id":"https:\/\/www.mapedit.de\/it\/#\/schema\/logo\/image\/"}}]}},"_links":{"self":[{"href":"https:\/\/www.mapedit.de\/it\/wp-json\/wp\/v2\/pages\/1125","targetHints":{"allow":["GET"]}}],"collection":[{"href":"https:\/\/www.mapedit.de\/it\/wp-json\/wp\/v2\/pages"}],"about":[{"href":"https:\/\/www.mapedit.de\/it\/wp-json\/wp\/v2\/types\/page"}],"author":[{"embeddable":true,"href":"https:\/\/www.mapedit.de\/it\/wp-json\/wp\/v2\/users\/8"}],"replies":[{"embeddable":true,"href":"https:\/\/www.mapedit.de\/it\/wp-json\/wp\/v2\/comments?post=1125"}],"version-history":[{"count":8,"href":"https:\/\/www.mapedit.de\/it\/wp-json\/wp\/v2\/pages\/1125\/revisions"}],"predecessor-version":[{"id":1356,"href":"https:\/\/www.mapedit.de\/it\/wp-json\/wp\/v2\/pages\/1125\/revisions\/1356"}],"wp:attachment":[{"href":"https:\/\/www.mapedit.de\/it\/wp-json\/wp\/v2\/media?parent=1125"}],"curies":[{"name":"wp","href":"https:\/\/api.w.org\/{rel}","templated":true}]}}